{"id":8,"date":"2021-10-24T11:37:00","date_gmt":"2021-10-24T11:37:00","guid":{"rendered":"https:\/\/balint.fi\/?page_id=8"},"modified":"2026-03-14T11:11:40","modified_gmt":"2026-03-14T11:11:40","slug":"luo-sivustosi-lohkoilla","status":"publish","type":"page","link":"https:\/\/balint.fi\/","title":{"rendered":"Suomen L\u00e4\u00e4k\u00e4reiden Balint-yhdistys"},"content":{"rendered":"\n<p>Suomen L\u00e4\u00e4k\u00e4reiden Balint-yhdistys on 1989 perustettu l\u00e4\u00e4k\u00e4rien ty\u00f6nohjausta edist\u00e4v\u00e4 aatteellinen yhdistys. Balint-menetelm\u00e4 on l\u00e4\u00e4k\u00e4rien ryhm\u00e4ty\u00f6nohjauksen muoto.<\/p>\n\n\n\n<p>Yhdistyksen toiminnan painopistealueet ovat potilas-l\u00e4\u00e4k\u00e4risuhde l\u00e4\u00e4k\u00e4rin t\u00e4rke\u00e4n\u00e4 ty\u00f6kaluna, p\u00e4ivitt\u00e4isen l\u00e4\u00e4k\u00e4rin ty\u00f6n sujuvuus ja l\u00e4\u00e4k\u00e4rin ty\u00f6hyvinvointi.<\/p>\n\n\n\n<p>Yhdistys tiedottaa l\u00e4\u00e4k\u00e4reiden ty\u00f6nohjauksesta, v\u00e4litt\u00e4\u00e4 ja kouluttaa ohjaajia, j\u00e4rjest\u00e4\u00e4 viikonloppuseminaareja ja opintop\u00e4ivi\u00e4, tukee potilaan ja l\u00e4\u00e4k\u00e4rin suhteen tutkimista ja ryhm\u00e4ohjausta sek\u00e4 julkaisutoimintaa, on l\u00e4\u00e4k\u00e4reiden ty\u00f6nohjauksesta kiinnostuneiden yhdysside, pit\u00e4\u00e4 yhteytt\u00e4 koti- ja ulkomaisiin samoja asioita edist\u00e4viin yhteis\u00f6ihin ja pyrkii vaikuttamaan maamme hoitokulttuuriin.<\/p>\n\n\n\n<p>Yhdistyksen puheenjohtaja on professori <a href=\"mailto:markku.timonen@oulu.fi\" data-type=\"mailto\" data-id=\"mailto:markku.timonen@oulu.fi\">Markku Timonen<\/a>. Yhdistys hyv\u00e4ksyy j\u00e4senikseen toiminnasta kiinnostuneet l\u00e4\u00e4k\u00e4rit ja hammasl\u00e4\u00e4k\u00e4rit. J\u00e4senhakemuksia ottaa vastaan yhdistyksen varapuheenjohtaja <a href=\"mailto:sara.sarjakoski-peltola@fimnet.fi\">Sara Sarjakoski-Peltola<\/a> tai puheenjohtaja <a href=\"mailto:markku.timonen@oulu.fi\" data-type=\"mailto\" data-id=\"mailto:markku.timonen@oulu.fi\">Markku Timonen<\/a>.<\/p>\n\n\n\n<p>Olemme j\u00e4senen\u00e4 kansainv\u00e4lisess\u00e4 kattoj\u00e4rjest\u00f6ss\u00e4 International Balint Federation (IBF) Kansainv\u00e4linen yhteyshenkil\u00f6 on LT, erikoisl\u00e4\u00e4k\u00e4ri <a href=\"mailto:martina.torppa@helsinki.fi\" data-type=\"mailto\" data-id=\"mailto:martina.torppa@helsinki.fi\">Martina Torppa<\/a>.<\/p>\n\n\n\n<h2 class=\"wp-block-heading\"><\/h2>\n\n\n\n<figure class=\"wp-block-gallery has-nested-images columns-default is-cropped wp-block-gallery-1 is-layout-flex wp-block-gallery-is-layout-flex\">\n<figure class=\"wp-block-image size-large\"><img loading=\"lazy\" decoding=\"async\" width=\"591\" height=\"84\" data-id=\"58\" src=\"https:\/\/balint.fi\/wp-content\/uploads\/2023\/04\/IMG_0039-1-e1773486602327.gif\" alt=\"\" class=\"wp-image-58\"\/><\/figure>\n<\/figure>\n\n\n\n<figure class=\"wp-block-gallery has-nested-images columns-default is-cropped wp-block-gallery-2 is-layout-flex wp-block-gallery-is-layout-flex\"><\/figure>\n\n\n\n<figure class=\"wp-block-gallery has-nested-images columns-default is-cropped wp-block-gallery-3 is-layout-flex wp-block-gallery-is-layout-flex\"><\/figure>\n","protected":false},"excerpt":{"rendered":"<p>Suomen L\u00e4\u00e4k\u00e4reiden Balint-yhdistys on 1989 perustettu l\u00e4\u00e4k\u00e4rien ty\u00f6nohjausta edist\u00e4v\u00e4 aatteellinen yhdistys. Balint-menetelm\u00e4 on l\u00e4\u00e4k\u00e4rien ryhm\u00e4ty\u00f6nohjauksen muoto. Yhdistyksen toiminnan painopistealueet ovat potilas-l\u00e4\u00e4k\u00e4risuhde l\u00e4\u00e4k\u00e4rin t\u00e4rke\u00e4n\u00e4 ty\u00f6kaluna, p\u00e4ivitt\u00e4isen l\u00e4\u00e4k\u00e4rin ty\u00f6n sujuvuus ja l\u00e4\u00e4k\u00e4rin ty\u00f6hyvinvointi. Yhdistys tiedottaa l\u00e4\u00e4k\u00e4reiden ty\u00f6nohjauksesta, v\u00e4litt\u00e4\u00e4 ja kouluttaa ohjaajia, j\u00e4rjest\u00e4\u00e4 viikonloppuseminaareja ja opintop\u00e4ivi\u00e4, tukee potilaan ja l\u00e4\u00e4k\u00e4rin suhteen tutkimista ja ryhm\u00e4ohjausta sek\u00e4 julkaisutoimintaa, on l\u00e4\u00e4k\u00e4reiden&#8230;<\/p>\n","protected":false},"author":2,"featured_media":0,"parent":0,"menu_order":0,"comment_status":"closed","ping_status":"closed","template":"","meta":{"footnotes":""},"class_list":["post-8","page","type-page","status-publish","hentry"],"_links":{"self":[{"href":"https:\/\/balint.fi\/index.php\/wp-json\/wp\/v2\/pages\/8","targetHints":{"allow":["GET"]}}],"collection":[{"href":"https:\/\/balint.fi\/index.php\/wp-json\/wp\/v2\/pages"}],"about":[{"href":"https:\/\/balint.fi\/index.php\/wp-json\/wp\/v2\/types\/page"}],"author":[{"embeddable":true,"href":"https:\/\/balint.fi\/index.php\/wp-json\/wp\/v2\/users\/2"}],"replies":[{"embeddable":true,"href":"https:\/\/balint.fi\/index.php\/wp-json\/wp\/v2\/comments?post=8"}],"version-history":[{"count":12,"href":"https:\/\/balint.fi\/index.php\/wp-json\/wp\/v2\/pages\/8\/revisions"}],"predecessor-version":[{"id":161,"href":"https:\/\/balint.fi\/index.php\/wp-json\/wp\/v2\/pages\/8\/revisions\/161"}],"wp:attachment":[{"href":"https:\/\/balint.fi\/index.php\/wp-json\/wp\/v2\/media?parent=8"}],"curies":[{"name":"wp","href":"https:\/\/api.w.org\/{rel}","templated":true}]}}